{"id":1719,"date":"2021-05-10T10:17:10","date_gmt":"2021-05-10T10:17:10","guid":{"rendered":"http:\/\/www.nicdarkthemes.com\/themes\/seafood\/wp\/demo\/restaurant\/?page_id=1719"},"modified":"2025-06-25T12:18:18","modified_gmt":"2025-06-25T12:18:18","slug":"declaracion-accesibilidad","status":"publish","type":"page","link":"https:\/\/campoytoro.es\/en\/declaracion-accesibilidad\/","title":{"rendered":"Declaracion accesibilidad"},"content":{"rendered":"\t\t<div data-elementor-type=\"wp-page\" data-elementor-id=\"1719\" class=\"elementor elementor-1719\">\n\t\t\t\t\t\t<section class=\"elementor-section elementor-top-section elementor-element elementor-element-d123964 elementor-section-stretched elementor-section-content-middle elementor-section-boxed elementor-section-height-default elementor-section-height-default\" data-id=\"d123964\" data-element_type=\"section\" data-e-type=\"section\" data-settings=\"{&quot;stretch_section&quot;:&quot;section-stretched&quot;,&quot;background_background&quot;:&quot;classic&quot;}\">\n\t\t\t\t\t\t\t<div class=\"elementor-background-overlay\"><\/div>\n\t\t\t\t\t\t\t<div class=\"elementor-container elementor-column-gap-default\">\n\t\t\t\t\t<div class=\"elementor-column elementor-col-100 elementor-top-column elementor-element elementor-element-59d3d406\" data-id=\"59d3d406\" data-element_type=\"column\" data-e-type=\"column\">\n\t\t\t<div class=\"elementor-widget-wrap elementor-element-populated\">\n\t\t\t\t\t\t<div class=\"elementor-element elementor-element-64454227 elementor-widget elementor-widget-heading\" data-id=\"64454227\" data-element_type=\"widget\" data-e-type=\"widget\" data-widget_type=\"heading.default\">\n\t\t\t\t<div class=\"elementor-widget-container\">\n\t\t\t\t\t<h1 class=\"elementor-heading-title elementor-size-default\">Declaraci\u00f3n de accesibilidad<\/h1>\t\t\t\t<\/div>\n\t\t\t\t<\/div>\n\t\t\t\t\t<\/div>\n\t\t<\/div>\n\t\t\t\t\t<\/div>\n\t\t<\/section>\n\t\t\t\t<section class=\"elementor-section elementor-top-section elementor-element elementor-element-5204fe46 elementor-section-stretched elementor-section-full_width elementor-section-height-default elementor-section-height-default\" data-id=\"5204fe46\" data-element_type=\"section\" data-e-type=\"section\" data-settings=\"{&quot;stretch_section&quot;:&quot;section-stretched&quot;}\">\n\t\t\t\t\t\t<div class=\"elementor-container elementor-column-gap-default\">\n\t\t\t\t\t<div class=\"elementor-column elementor-col-100 elementor-top-column elementor-element elementor-element-3d24032a\" data-id=\"3d24032a\" data-element_type=\"column\" data-e-type=\"column\">\n\t\t\t<div class=\"elementor-widget-wrap elementor-element-populated\">\n\t\t\t\t\t\t<div class=\"elementor-element elementor-element-1904f734 elementor-widget-divider--view-line elementor-widget elementor-widget-divider\" data-id=\"1904f734\" data-element_type=\"widget\" data-e-type=\"widget\" data-widget_type=\"divider.default\">\n\t\t\t\t<div class=\"elementor-widget-container\">\n\t\t\t\t\t\t\t<div class=\"elementor-divider\">\n\t\t\t<span class=\"elementor-divider-separator\">\n\t\t\t\t\t\t<\/span>\n\t\t<\/div>\n\t\t\t\t\t\t<\/div>\n\t\t\t\t<\/div>\n\t\t\t\t\t<\/div>\n\t\t<\/div>\n\t\t\t\t\t<\/div>\n\t\t<\/section>\n\t\t<div class=\"elementor-element elementor-element-8caf019 e-flex e-con-boxed e-con e-parent\" data-id=\"8caf019\" data-element_type=\"container\" data-e-type=\"container\">\n\t\t\t\t\t<div class=\"e-con-inner\">\n\t\t\t\t<div class=\"elementor-element elementor-element-df8b692 elementor-widget elementor-widget-text-editor\" data-id=\"df8b692\" data-element_type=\"widget\" data-e-type=\"widget\" data-widget_type=\"text-editor.default\">\n\t\t\t\t<div class=\"elementor-widget-container\">\n\t\t\t\t\t\t\t\t\t<p><strong>Campo y Toro<\/strong> se compromete a garantizar la accesibilidad de su sitio web, conforme al <strong>Real Decreto 1112\/2018, de 7 de septiembre<\/strong>, sobre accesibilidad de los sitios web y aplicaciones para dispositivos m\u00f3viles del sector p\u00fablico.<\/p>\n<p><!-- \/wp:paragraph --><!-- wp:paragraph --><\/p>\n<p>Esta declaraci\u00f3n de accesibilidad se aplica al sitio web [<strong>campoytoro.es<\/strong>].<\/p>\n<p>\u00a0<\/p>\n<p><!-- \/wp:paragraph --><!-- wp:heading {\"level\":3} --><\/p>\n<h2 class=\"wp-block-heading\">Situaci\u00f3n de cumplimiento<\/h2>\n<p><!-- \/wp:heading --><!-- wp:paragraph --><\/p>\n<p>Este sitio web es <strong>parcialmente conforme<\/strong> con el Real Decreto 1112\/2018 debido a algunas excepciones y a la falta de conformidad en determinados aspectos que se est\u00e1n revisando y mejorando de forma progresiva.<\/p>\n<p>\u00a0<\/p>\n<p><!-- \/wp:paragraph --><!-- wp:heading {\"level\":3} --><\/p>\n<h3 class=\"wp-block-heading\">Contenido no accesible<\/h3>\n<p><!-- \/wp:heading --><!-- wp:paragraph --><\/p>\n<p>El contenido que se indica a continuaci\u00f3n no es accesible por las siguientes razones:<\/p>\n<p><!-- \/wp:paragraph --><!-- wp:heading {\"level\":4} --><\/p>\n<h4 class=\"wp-block-heading\">Falta de conformidad con el RD 1112\/2018<\/h4>\n<p><!-- \/wp:heading --><!-- wp:list --><\/p>\n<ul class=\"wp-block-list\"><!-- wp:list-item -->\n<li>Pueden existir im\u00e1genes sin alternativa textual adecuada.<\/li>\n<!-- \/wp:list-item --><!-- wp:list-item -->\n<li>Algunos bloques pueden presentar problemas de contraste de color.<\/li>\n<!-- \/wp:list-item --><!-- wp:list-item -->\n<li>Es posible que existan tama\u00f1os de fuente definidos en p\u00edxeles.<\/li>\n<!-- \/wp:list-item --><!-- wp:list-item -->\n<li>En ciertas secciones, el orden de lectura o navegaci\u00f3n mediante teclado puede no ser del todo correcto.<\/li>\n<!-- \/wp:list-item --><!-- wp:list-item -->\n<li>El foco del teclado puede no ser visible en determinados men\u00fas.<\/li>\n<!-- \/wp:list-item --><!-- wp:list-item -->\n<li>Algunos botones pueden carecer de descripciones accesibles.<\/li>\n<!-- \/wp:list-item --><!-- wp:list-item -->\n<li>Puede haber errores puntuales de edici\u00f3n o estructura en algunas p\u00e1ginas.<\/li>\n<!-- \/wp:list-item --><\/ul>\n<p><!-- \/wp:list --><!-- wp:paragraph --><\/p>\n<p>Estas incidencias est\u00e1n siendo revisadas y corregidas de forma progresiva en futuras actualizaciones del portal.<\/p>\n<p><!-- \/wp:paragraph --><!-- wp:heading {\"level\":4} --><\/p>\n<h4>\u00a0<\/h4>\n<h4 class=\"wp-block-heading\">Carga desproporcionada<\/h4>\n<p><!-- \/wp:heading --><!-- wp:paragraph --><\/p>\n<p>No aplica.<\/p>\n<p>\u00a0<\/p>\n<p><!-- \/wp:paragraph --><!-- wp:heading {\"level\":3} --><\/p>\n<h4 class=\"wp-block-heading\">Preparaci\u00f3n de esta declaraci\u00f3n de accesibilidad<\/h4>\n<p><!-- \/wp:heading --><!-- wp:paragraph --><\/p>\n<p>Esta declaraci\u00f3n fue preparada el <strong>22 de mayo de 2025<\/strong>, mediante una <strong>autoevaluaci\u00f3n interna<\/strong> llevada a cabo por el equipo de desarrollo de Campo y Toro.<\/p>\n<p>\u00a0<\/p>\n<p><!-- \/wp:paragraph --><!-- wp:heading {\"level\":3} --><\/p>\n<h4 class=\"wp-block-heading\">Observaciones y datos de contacto<\/h4>\n<p><!-- \/wp:heading --><!-- wp:paragraph --><\/p>\n<p>Puede contactar con nosotros para:<\/p>\n<p><!-- \/wp:paragraph --><!-- wp:list --><\/p>\n<ul class=\"wp-block-list\"><!-- wp:list-item -->\n<li>Informar sobre posibles incumplimientos de accesibilidad.<\/li>\n<!-- \/wp:list-item --><!-- wp:list-item -->\n<li>Transmitir dificultades de acceso al contenido.<\/li>\n<!-- \/wp:list-item --><!-- wp:list-item -->\n<li>Formular cualquier consulta o sugerencia sobre la accesibilidad del sitio web.<\/li>\n<!-- \/wp:list-item --><\/ul>\n<p><!-- \/wp:list --><!-- wp:paragraph --><\/p>\n<p><strong>Contacto:<\/strong><br \/>\ud83d\udce7 <a>info@campoytoro.es<\/a><br \/>\ud83d\udcde 610 562 566<\/p>\n<p>\u00a0<\/p>\n<p><!-- \/wp:paragraph --><!-- wp:heading {\"level\":3} --><\/p>\n<h4 class=\"wp-block-heading\">Procedimiento de reclamaci\u00f3n<\/h4>\n<p><!-- \/wp:heading --><!-- wp:paragraph --><\/p>\n<p>Si tras realizar una comunicaci\u00f3n no est\u00e1 conforme con la respuesta recibida, o no ha obtenido respuesta en el plazo de <strong>20 d\u00edas h\u00e1biles<\/strong>, puede presentar una reclamaci\u00f3n formal a trav\u00e9s de los canales de contacto de <strong>Campo y Toro<\/strong>.<\/p>\t\t\t\t\t\t\t\t<\/div>\n\t\t\t\t<\/div>\n\t\t\t\t\t<\/div>\n\t\t\t\t<\/div>\n\t\t\t\t<\/div>\n\t\t","protected":false},"excerpt":{"rendered":"<p>Declaraci\u00f3n de accesibilidad Campo y Toro se compromete a garantizar la accesibilidad de su sitio web, conforme al Real Decreto 1112\/2018, de 7 de septiembre, sobre accesibilidad de los sitios web y aplicaciones para dispositivos m\u00f3viles del sector p\u00fablico. Esta declaraci\u00f3n de accesibilidad se aplica al sitio web [campoytoro.es]. \u00a0 Situaci\u00f3n de cumplimiento Este sitio [&hellip;]<\/p>\n","protected":false},"author":1,"featured_media":0,"parent":0,"menu_order":0,"comment_status":"closed","ping_status":"closed","template":"","meta":{"_joinchat":[],"footnotes":""},"class_list":["post-1719","page","type-page","status-publish","hentry"],"_links":{"self":[{"href":"https:\/\/campoytoro.es\/en\/wp-json\/wp\/v2\/pages\/1719","targetHints":{"allow":["GET"]}}],"collection":[{"href":"https:\/\/campoytoro.es\/en\/wp-json\/wp\/v2\/pages"}],"about":[{"href":"https:\/\/campoytoro.es\/en\/wp-json\/wp\/v2\/types\/page"}],"author":[{"embeddable":true,"href":"https:\/\/campoytoro.es\/en\/wp-json\/wp\/v2\/users\/1"}],"replies":[{"embeddable":true,"href":"https:\/\/campoytoro.es\/en\/wp-json\/wp\/v2\/comments?post=1719"}],"version-history":[{"count":8,"href":"https:\/\/campoytoro.es\/en\/wp-json\/wp\/v2\/pages\/1719\/revisions"}],"predecessor-version":[{"id":7984,"href":"https:\/\/campoytoro.es\/en\/wp-json\/wp\/v2\/pages\/1719\/revisions\/7984"}],"wp:attachment":[{"href":"https:\/\/campoytoro.es\/en\/wp-json\/wp\/v2\/media?parent=1719"}],"curies":[{"name":"wp","href":"https:\/\/api.w.org\/{rel}","templated":true}]}}